{"id":2581,"date":"2022-06-28T11:17:25","date_gmt":"2022-06-28T11:17:25","guid":{"rendered":"http:\/\/www.juanvelarde26.com\/?page_id=2581"},"modified":"2022-11-04T11:30:20","modified_gmt":"2022-11-04T11:30:20","slug":"vuela","status":"publish","type":"page","link":"http:\/\/www.juanvelarde26.com\/en\/vuela\/","title":{"rendered":"Vuela con nosotros"},"content":{"rendered":"\n<h2><strong>\u00a1Vive una experiencia de vuelo acrob\u00e1tico \u00fanica!<\/strong><\/h2>\n\n\n\n<p style=\"font-size:14px\">Desde el <strong>Club Deportivo Suko Acrob\u00e1tico<\/strong> te ofrecemos la oportunidad de vivir en primera persona un vuelo de introducci\u00f3n al deporte de vuelo acrob\u00e1tico. Podr\u00e1s sentir un vuelo de alta competici\u00f3n de la mano de <strong>Patrick Koch<\/strong>, experto piloto de nuestro equipo y campe\u00f3n de Espa\u00f1a en categor\u00eda Intemedio. Patrick tiene m\u00e1s de 1.500 horas de vuelo en aviones ligeros y una ampl\u00edsima experiencia tanto en competici\u00f3n como en exhibiciones a\u00e9reas.<\/p>\n\n\n\n<figure class=\"wp-block-embed is-type-video is-provider-youtube wp-block-embed-youtube wp-embed-aspect-16-9 wp-has-aspect-ratio\"><div class=\"wp-block-embed__wrapper\">\n<iframe loading=\"lazy\" title=\"Vuela con el Team Velarde\" width=\"500\" height=\"281\" src=\"https:\/\/www.youtube.com\/embed\/-P0WFy6kT64?feature=oembed\" frameborder=\"0\" allow=\"accelerometer; autoplay; clipboard-write; encrypted-media; gyroscope; picture-in-picture\" allowfullscreen><\/iframe>\n<\/div><\/figure>\n\n\n\n<p style=\"font-size:14px\">El avi\u00f3n <strong>Extra 330LX<\/strong> en el que podr\u00e1s volar es el mismo en el que competimos en el Campeonato de Espa\u00f1a de Vuelo Acrob\u00e1tico y realizamos exhibiciones a\u00e9reas. Un avi\u00f3n de alt\u00edsimas prestaciones tanto para vuelo Cl\u00e1sico como para Free Style y, sin duda, uno de los mejores aviones deportivos biplaza del mundo.<\/p>\n\n\n\n<p style=\"font-size:14px\">Podr\u00e1s experimentar <strong>todas las figuras base de vuelo acrob\u00e1tico<\/strong> como el looping, tonel, vuelo invertido, ca\u00edda de ala, resbale de cola, verticales, imperiales y, si te animas, tambi\u00e9n algo de free style. Podr\u00e1s sentir de primera mano los Gs y la velocidad de la misma forma que lo hacemos nosotros<strong>.<\/strong><\/p>\n\n\n\n<p style=\"font-size:14px\">Escr\u00edbenos a <a href=\"mailto:vuela@teamvelarde.es\"><strong>vuela@teamvelarde.es<\/strong><\/a> para obtener m\u00e1s informaci\u00f3n, consultar la disponibilidad y reservar tu vuelo.<\/p>\n\n\n\n<p style=\"font-size:14px\">\u00a1<strong>Reserva tu plaza y vuela<\/strong>!<\/p>\n\n\n\n<p style=\"font-size:14px\"><strong>Precio: 450\u20ac \/ vuelo<\/strong> (PRECIO DE LANZAMIENTO)<\/p>\n\n\n\n<figure class=\"wp-block-image size-full is-style-default\"><a href=\"http:\/\/www.juanvelarde26.com\/wp-content\/uploads\/2022\/06\/patrick-juan-avion-hangar.jpg\"><img loading=\"lazy\" width=\"900\" height=\"600\" src=\"http:\/\/www.juanvelarde26.com\/wp-content\/uploads\/2022\/06\/patrick-juan-avion-hangar.jpg\" alt=\"\" class=\"wp-image-2660\" srcset=\"http:\/\/www.juanvelarde26.com\/wp-content\/uploads\/2022\/06\/patrick-juan-avion-hangar.jpg 900w, http:\/\/www.juanvelarde26.com\/wp-content\/uploads\/2022\/06\/patrick-juan-avion-hangar-300x200.jpg 300w, http:\/\/www.juanvelarde26.com\/wp-content\/uploads\/2022\/06\/patrick-juan-avion-hangar-768x512.jpg 768w\" sizes=\"(max-width: 900px) 100vw, 900px\" \/><\/a><figcaption>Patrick Koch (izq.) y Juan Velarde (dcha.).<\/figcaption><\/figure>\n\n\n\n<p>Localizaci\u00f3n:<\/p>\n\n\n\n<iframe src=\"https:\/\/www.google.com\/maps\/embed?pb=!1m18!1m12!1m3!1d856.6920093675709!2d-4.027612910183412!3d40.23447684312983!2m3!1f0!2f0!3f0!3m2!1i1024!2i768!4f13.1!3m3!1m2!1s0xd41eb4c93986dd1%3A0x66ae8c914a2f2e14!2sAer%C3%B3dromo%20de%20Casarrubios!5e0!3m2!1ses!2ses!4v1667561137135!5m2!1ses!2ses\" width=\"600\" height=\"450\" style=\"border:0;\" allowfullscreen=\"\" loading=\"lazy\" referrerpolicy=\"no-referrer-when-downgrade\"><\/iframe>\n\n\n\n<p><\/p>\n","protected":false},"excerpt":{"rendered":"<p>\u00a1Vive una experiencia de vuelo acrob\u00e1tico \u00fanica! Desde el Club Deportivo Suko Acrob\u00e1tico te ofrecemos la oportunidad de vivir en primera persona un vuelo de introducci\u00f3n al deporte de vuelo acrob\u00e1tico. Podr\u00e1s sentir un vuelo de alta competici\u00f3n de la mano de Patrick Koch, experto piloto de nuestro equipo y campe\u00f3n de Espa\u00f1a en categor\u00eda [&hellip;]<\/p>\n","protected":false},"author":1,"featured_media":0,"parent":0,"menu_order":0,"comment_status":"closed","ping_status":"closed","template":"","meta":[],"_links":{"self":[{"href":"http:\/\/www.juanvelarde26.com\/en\/wp-json\/wp\/v2\/pages\/2581"}],"collection":[{"href":"http:\/\/www.juanvelarde26.com\/en\/wp-json\/wp\/v2\/pages"}],"about":[{"href":"http:\/\/www.juanvelarde26.com\/en\/wp-json\/wp\/v2\/types\/page"}],"author":[{"embeddable":true,"href":"http:\/\/www.juanvelarde26.com\/en\/wp-json\/wp\/v2\/users\/1"}],"replies":[{"embeddable":true,"href":"http:\/\/www.juanvelarde26.com\/en\/wp-json\/wp\/v2\/comments?post=2581"}],"version-history":[{"count":22,"href":"http:\/\/www.juanvelarde26.com\/en\/wp-json\/wp\/v2\/pages\/2581\/revisions"}],"predecessor-version":[{"id":2872,"href":"http:\/\/www.juanvelarde26.com\/en\/wp-json\/wp\/v2\/pages\/2581\/revisions\/2872"}],"wp:attachment":[{"href":"http:\/\/www.juanvelarde26.com\/en\/wp-json\/wp\/v2\/media?parent=2581"}],"curies":[{"name":"wp","href":"https:\/\/api.w.org\/{rel}","templated":true}]}}